{"id":10,"date":"2023-01-05T13:47:04","date_gmt":"2023-01-05T13:47:04","guid":{"rendered":"https:\/\/wordpress-1379892-5094927.cloudwaysapps.com\/?page_id=10"},"modified":"2025-01-14T00:27:11","modified_gmt":"2025-01-14T00:27:11","slug":"impressum","status":"publish","type":"page","link":"https:\/\/www.wintotal.de\/ratgeber\/impressum\/","title":{"rendered":"Impressum"},"content":{"rendered":"<header class=\"entry-header\">\n<h1 class=\"entry-title\">Impressum<\/h1>\n<\/header>\n<div class=\"entry-content\">\n<p>Patric Herweh<br \/>\nH\u00f6lderlinstr. 14<br \/>\n69221 Dossenheim<\/p>\n<h2>Kontakt<\/h2>\n<p>Wir bieten unter dieser Telefonnummer und Emailadresse keinen Support und auch keine Produktberatung an.<\/p>\n<p>Telefon: 06221 \/ 6739867<br \/>\nE-Mail: impressum [\u00e4ht] tekweb.de<\/p>\n<h2>Redaktionell verantwortlich<\/h2>\n<p>Patric Herweh<br \/>\nH\u00f6lderlinst. 14<br \/>\n69221 Dossenheim<\/p>\n<h2>EU-Streitschlichtung<\/h2>\n<p>Die Europ\u00e4ische Kommission stellt eine Plattform zur Online-Streitbeilegung (OS) bereit:\u00a0<a href=\"https:\/\/ec.europa.eu\/consumers\/odr\/\" target=\"_blank\" rel=\"noopener noreferrer\">https:\/\/ec.europa.eu\/consumers\/odr\/<\/a>.<br \/>\nUnsere E-Mail-Adresse finden Sie oben im Impressum.<\/p>\n<h2>Verbraucher\u00adstreit\u00adbeilegung\/Universal\u00adschlichtungs\u00adstelle<\/h2>\n<p>Wir sind nicht bereit oder verpflichtet, an Streitbeilegungsverfahren vor einer Verbraucherschlichtungsstelle teilzunehmen.<\/p>\n<h2>Quellenangaben f\u00fcr verwendete Bilder und Grafiken:<\/h2>\n<p>\u00a9 amazon.de, \u00a9 pixabay.com, \u00a9 unsplash.com, \u00a9 pexels.com<\/p>\n<h2>Haftungsausschluss (Disclaimer)<\/h2>\n<h3>Haftung f\u00fcr Inhalte<\/h3>\n<p>Als Diensteanbieter sind wir f\u00fcr eigene Inhalte auf diesen Seiten nach den allgemeinen Gesetzen verantwortlich. Wir als Diensteanbieter jedoch nicht verpflichtet, \u00fcbermittelte oder gespeicherte fremde Informationen zu \u00fcberwachen oder nach Umst\u00e4nden zu forschen, die auf eine rechtswidrige T\u00e4tigkeit hinweisen. Verpflichtungen zur Entfernung oder Sperrung der Nutzung von Informationen nach den allgemeinen Gesetzen bleiben hiervon unber\u00fchrt. Eine diesbez\u00fcgliche Haftung ist jedoch erst ab dem Zeitpunkt der Kenntnis einer konkreten Rechtsverletzung m\u00f6glich. Bei Bekanntwerden von entsprechenden Rechtsverletzungen werden wir diese Inhalte umgehend entfernen.<\/p>\n<h3>Haftung f\u00fcr Links<\/h3>\n<p>Unser Angebot enth\u00e4lt Links zu externen Webseiten Dritter, auf deren Inhalte wir keinen Einfluss haben. Deshalb k\u00f6nnen wir f\u00fcr diese fremden Inhalte auch keine Gew\u00e4hr \u00fcbernehmen. F\u00fcr die Inhalte der verlinkten Seiten ist stets der jeweilige Anbieter oder Betreiber der Seiten verantwortlich. Die verlinkten Seiten wurden zum Zeitpunkt der Verlinkung auf m\u00f6gliche Rechtsverst\u00f6\u00dfe \u00fcberpr\u00fcft. Rechtswidrige Inhalte waren zum Zeitpunkt der Verlinkung nicht erkennbar. Eine permanente inhaltliche Kontrolle der verlinkten Seiten ist jedoch ohne konkrete Anhaltspunkte einer Rechtsverletzung nicht zumutbar. Bei Bekanntwerden von Rechtsverletzungen werden wir derartige Links umgehend entfernen.<\/p>\n<h3>Urheberrecht<\/h3>\n<p>Die durch die Seitenbetreiber erstellten Inhalte und Werke auf diesen Seiten unterliegen dem deutschen Urheberrecht. Die Vervielf\u00e4ltigung, Bearbeitung, Verbreitung und jede Art der Verwertung au\u00dferhalb der Grenzen des Urheberrechtes bed\u00fcrfen der schriftlichen Zustimmung des jeweiligen Autors bzw. Erstellers. Downloads und Kopien dieser Seite sind nur f\u00fcr den privaten, nicht kommerziellen Gebrauch gestattet. Soweit die Inhalte auf dieser Seite nicht vom Betreiber erstellt wurden, werden die Urheberrechte Dritter beachtet. Insbesondere werden Inhalte Dritter als solche gekennzeichnet. Sollten Sie trotzdem auf eine Urheberrechtsverletzung aufmerksam werden, bitten wir um einen entsprechenden Hinweis. Bei Bekanntwerden von Rechtsverletzungen werden wir derartige Inhalte umgehend entfernen.<\/p>\n<p>Quelle:\u00a0<a href=\"https:\/\/www.e-recht24.de\/\" rel=\"nofollow\">e-recht24.de<\/a><\/p>\n<\/div>\n","protected":false},"excerpt":{"rendered":"<p>Impressum Patric Herweh H\u00f6lderlinstr. 14 69221 Dossenheim Kontakt Wir bieten unter dieser Telefonnummer und Emailadresse keinen Support und auch keine Produktberatung an. Telefon: 06221 \/ 6739867 E-Mail: impressum [\u00e4ht] tekweb.de Redaktionell verantwortlich Patric Herweh H\u00f6lderlinst. 14 69221 Dossenheim EU-Streitschlichtung Die Europ\u00e4ische Kommission stellt eine Plattform zur Online-Streitbeilegung (OS) bereit:\u00a0https:\/\/ec.europa.eu\/consumers\/odr\/. Unsere E-Mail-Adresse finden Sie oben im &#8230; <\/p>\n<p class=\"read-more-container\"><a title=\"Impressum\" class=\"read-more button\" href=\"https:\/\/www.wintotal.de\/ratgeber\/impressum\/#more-10\" aria-label=\"Mehr zu Impressum\">Weiterlesen<\/a><\/p>\n","protected":false},"author":1,"featured_media":0,"parent":0,"menu_order":0,"comment_status":"closed","ping_status":"closed","template":"","meta":{"_yoast_wpseo_focuskw":"","_yoast_wpseo_title":"","_yoast_wpseo_metadesc":"","ilj_linkdefinition":[],"rank_math_focus_keyword":"","rank_math_description":"","rank_math_title":"","_uag_custom_page_level_css":"","footnotes":""},"class_list":["post-10","page","type-page","status-publish"],"yoast_head":"<!-- This site is optimized with the Yoast SEO plugin v27.4 - https:\/\/yoast.com\/product\/yoast-seo-wordpress\/ -->\n<title>Impressum - WinTotal<\/title>\n<meta name=\"robots\" content=\"noindex, follow\" \/>\n<meta property=\"og:locale\" content=\"de_DE\" \/>\n<meta property=\"og:type\" content=\"article\" \/>\n<meta property=\"og:title\" content=\"Impressum - WinTotal\" \/>\n<meta property=\"og:description\" content=\"Impressum Patric Herweh H\u00f6lderlinstr. 14 69221 Dossenheim Kontakt Wir bieten unter dieser Telefonnummer und Emailadresse keinen Support und auch keine Produktberatung an. Telefon: 06221 \/ 6739867 E-Mail: impressum [\u00e4ht] tekweb.de Redaktionell verantwortlich Patric Herweh H\u00f6lderlinst. 14 69221 Dossenheim EU-Streitschlichtung Die Europ\u00e4ische Kommission stellt eine Plattform zur Online-Streitbeilegung (OS) bereit:\u00a0https:\/\/ec.europa.eu\/consumers\/odr\/. Unsere E-Mail-Adresse finden Sie oben im ... Weiterlesen\" \/>\n<meta property=\"og:url\" content=\"https:\/\/www.wintotal.de\/ratgeber\/impressum\/\" \/>\n<meta property=\"og:site_name\" content=\"WinTotal\" \/>\n<meta property=\"article:modified_time\" content=\"2025-01-14T00:27:11+00:00\" \/>\n<meta name=\"twitter:card\" content=\"summary_large_image\" \/>\n<meta name=\"twitter:label1\" content=\"Gesch\u00e4tzte Lesezeit\" \/>\n\t<meta name=\"twitter:data1\" content=\"3\u00a0Minuten\" \/>\n<script type=\"application\/ld+json\" class=\"yoast-schema-graph\">{\"@context\":\"https:\\\/\\\/schema.org\",\"@graph\":[{\"@type\":\"WebPage\",\"@id\":\"https:\\\/\\\/www.wintotal.de\\\/ratgeber\\\/impressum\\\/\",\"url\":\"https:\\\/\\\/www.wintotal.de\\\/ratgeber\\\/impressum\\\/\",\"name\":\"Impressum - WinTotal\",\"isPartOf\":{\"@id\":\"https:\\\/\\\/www.wintotal.de\\\/ratgeber\\\/#website\"},\"datePublished\":\"2023-01-05T13:47:04+00:00\",\"dateModified\":\"2025-01-14T00:27:11+00:00\",\"breadcrumb\":{\"@id\":\"https:\\\/\\\/www.wintotal.de\\\/ratgeber\\\/impressum\\\/#breadcrumb\"},\"inLanguage\":\"de\",\"potentialAction\":[{\"@type\":\"ReadAction\",\"target\":[\"https:\\\/\\\/www.wintotal.de\\\/ratgeber\\\/impressum\\\/\"]}]},{\"@type\":\"BreadcrumbList\",\"@id\":\"https:\\\/\\\/www.wintotal.de\\\/ratgeber\\\/impressum\\\/#breadcrumb\",\"itemListElement\":[{\"@type\":\"ListItem\",\"position\":1,\"name\":\"Startseite\",\"item\":\"https:\\\/\\\/www.wintotal.de\\\/ratgeber\\\/\"},{\"@type\":\"ListItem\",\"position\":2,\"name\":\"Impressum\"}]},{\"@type\":\"WebSite\",\"@id\":\"https:\\\/\\\/www.wintotal.de\\\/ratgeber\\\/#website\",\"url\":\"https:\\\/\\\/www.wintotal.de\\\/ratgeber\\\/\",\"name\":\"WinTotal\",\"description\":\"\",\"publisher\":{\"@id\":\"https:\\\/\\\/www.wintotal.de\\\/ratgeber\\\/#organization\"},\"potentialAction\":[{\"@type\":\"SearchAction\",\"target\":{\"@type\":\"EntryPoint\",\"urlTemplate\":\"https:\\\/\\\/www.wintotal.de\\\/ratgeber\\\/?s={search_term_string}\"},\"query-input\":{\"@type\":\"PropertyValueSpecification\",\"valueRequired\":true,\"valueName\":\"search_term_string\"}}],\"inLanguage\":\"de\"},{\"@type\":\"Organization\",\"@id\":\"https:\\\/\\\/www.wintotal.de\\\/ratgeber\\\/#organization\",\"name\":\"WinTotal\",\"url\":\"https:\\\/\\\/www.wintotal.de\\\/ratgeber\\\/\",\"logo\":{\"@type\":\"ImageObject\",\"inLanguage\":\"de\",\"@id\":\"https:\\\/\\\/www.wintotal.de\\\/ratgeber\\\/#\\\/schema\\\/logo\\\/image\\\/\",\"url\":\"https:\\\/\\\/www.wintotal.de\\\/ratgeber\\\/wp-content\\\/uploads\\\/2025\\\/01\\\/cropped-Design-ohne-Titel-16.png\",\"contentUrl\":\"https:\\\/\\\/www.wintotal.de\\\/ratgeber\\\/wp-content\\\/uploads\\\/2025\\\/01\\\/cropped-Design-ohne-Titel-16.png\",\"width\":250,\"height\":79,\"caption\":\"WinTotal\"},\"image\":{\"@id\":\"https:\\\/\\\/www.wintotal.de\\\/ratgeber\\\/#\\\/schema\\\/logo\\\/image\\\/\"}}]}<\/script>\n<!-- \/ Yoast SEO plugin. -->","yoast_head_json":{"title":"Impressum - WinTotal","robots":{"index":"noindex","follow":"follow"},"og_locale":"de_DE","og_type":"article","og_title":"Impressum - WinTotal","og_description":"Impressum Patric Herweh H\u00f6lderlinstr. 14 69221 Dossenheim Kontakt Wir bieten unter dieser Telefonnummer und Emailadresse keinen Support und auch keine Produktberatung an. Telefon: 06221 \/ 6739867 E-Mail: impressum [\u00e4ht] tekweb.de Redaktionell verantwortlich Patric Herweh H\u00f6lderlinst. 14 69221 Dossenheim EU-Streitschlichtung Die Europ\u00e4ische Kommission stellt eine Plattform zur Online-Streitbeilegung (OS) bereit:\u00a0https:\/\/ec.europa.eu\/consumers\/odr\/. Unsere E-Mail-Adresse finden Sie oben im ... Weiterlesen","og_url":"https:\/\/www.wintotal.de\/ratgeber\/impressum\/","og_site_name":"WinTotal","article_modified_time":"2025-01-14T00:27:11+00:00","twitter_card":"summary_large_image","twitter_misc":{"Gesch\u00e4tzte Lesezeit":"3\u00a0Minuten"},"schema":{"@context":"https:\/\/schema.org","@graph":[{"@type":"WebPage","@id":"https:\/\/www.wintotal.de\/ratgeber\/impressum\/","url":"https:\/\/www.wintotal.de\/ratgeber\/impressum\/","name":"Impressum - WinTotal","isPartOf":{"@id":"https:\/\/www.wintotal.de\/ratgeber\/#website"},"datePublished":"2023-01-05T13:47:04+00:00","dateModified":"2025-01-14T00:27:11+00:00","breadcrumb":{"@id":"https:\/\/www.wintotal.de\/ratgeber\/impressum\/#breadcrumb"},"inLanguage":"de","potentialAction":[{"@type":"ReadAction","target":["https:\/\/www.wintotal.de\/ratgeber\/impressum\/"]}]},{"@type":"BreadcrumbList","@id":"https:\/\/www.wintotal.de\/ratgeber\/impressum\/#breadcrumb","itemListElement":[{"@type":"ListItem","position":1,"name":"Startseite","item":"https:\/\/www.wintotal.de\/ratgeber\/"},{"@type":"ListItem","position":2,"name":"Impressum"}]},{"@type":"WebSite","@id":"https:\/\/www.wintotal.de\/ratgeber\/#website","url":"https:\/\/www.wintotal.de\/ratgeber\/","name":"WinTotal","description":"","publisher":{"@id":"https:\/\/www.wintotal.de\/ratgeber\/#organization"},"potentialAction":[{"@type":"SearchAction","target":{"@type":"EntryPoint","urlTemplate":"https:\/\/www.wintotal.de\/ratgeber\/?s={search_term_string}"},"query-input":{"@type":"PropertyValueSpecification","valueRequired":true,"valueName":"search_term_string"}}],"inLanguage":"de"},{"@type":"Organization","@id":"https:\/\/www.wintotal.de\/ratgeber\/#organization","name":"WinTotal","url":"https:\/\/www.wintotal.de\/ratgeber\/","logo":{"@type":"ImageObject","inLanguage":"de","@id":"https:\/\/www.wintotal.de\/ratgeber\/#\/schema\/logo\/image\/","url":"https:\/\/www.wintotal.de\/ratgeber\/wp-content\/uploads\/2025\/01\/cropped-Design-ohne-Titel-16.png","contentUrl":"https:\/\/www.wintotal.de\/ratgeber\/wp-content\/uploads\/2025\/01\/cropped-Design-ohne-Titel-16.png","width":250,"height":79,"caption":"WinTotal"},"image":{"@id":"https:\/\/www.wintotal.de\/ratgeber\/#\/schema\/logo\/image\/"}}]}},"uagb_featured_image_src":{"full":false,"thumbnail":false,"medium":false,"medium_large":false,"large":false,"1536x1536":false,"2048x2048":false},"uagb_author_info":{"display_name":"funkybusiness","author_link":"https:\/\/www.wintotal.de\/ratgeber\/author\/funkybusinessuggmail-com\/"},"uagb_comment_info":0,"uagb_excerpt":"Impressum Patric Herweh H\u00f6lderlinstr. 14 69221 Dossenheim Kontakt Wir bieten unter dieser Telefonnummer und Emailadresse keinen Support und auch keine Produktberatung an. Telefon: 06221 \/ 6739867 E-Mail: impressum [\u00e4ht] tekweb.de Redaktionell verantwortlich Patric Herweh H\u00f6lderlinst. 14 69221 Dossenheim EU-Streitschlichtung Die Europ\u00e4ische Kommission stellt eine Plattform zur Online-Streitbeilegung (OS) bereit:\u00a0https:\/\/ec.europa.eu\/consumers\/odr\/. Unsere E-Mail-Adresse finden Sie oben im&hellip;","amp_enabled":true,"_links":{"self":[{"href":"https:\/\/www.wintotal.de\/ratgeber\/wp-json\/wp\/v2\/pages\/10","targetHints":{"allow":["GET"]}}],"collection":[{"href":"https:\/\/www.wintotal.de\/ratgeber\/wp-json\/wp\/v2\/pages"}],"about":[{"href":"https:\/\/www.wintotal.de\/ratgeber\/wp-json\/wp\/v2\/types\/page"}],"author":[{"embeddable":true,"href":"https:\/\/www.wintotal.de\/ratgeber\/wp-json\/wp\/v2\/users\/1"}],"replies":[{"embeddable":true,"href":"https:\/\/www.wintotal.de\/ratgeber\/wp-json\/wp\/v2\/comments?post=10"}],"version-history":[{"count":2,"href":"https:\/\/www.wintotal.de\/ratgeber\/wp-json\/wp\/v2\/pages\/10\/revisions"}],"predecessor-version":[{"id":106858,"href":"https:\/\/www.wintotal.de\/ratgeber\/wp-json\/wp\/v2\/pages\/10\/revisions\/106858"}],"wp:attachment":[{"href":"https:\/\/www.wintotal.de\/ratgeber\/wp-json\/wp\/v2\/media?parent=10"}],"curies":[{"name":"wp","href":"https:\/\/api.w.org\/{rel}","templated":true}]}}